{"id":2173,"date":"2016-11-22T14:34:35","date_gmt":"2016-11-22T13:34:35","guid":{"rendered":"http:\/\/catblanche.de\/terms-of-purchase\/"},"modified":"2019-01-07T18:31:03","modified_gmt":"2019-01-07T17:31:03","slug":"terms-of-purchase","status":"publish","type":"page","link":"http:\/\/catblanche.de\/de\/terms-of-purchase\/","title":{"rendered":"Terms of Purchase"},"content":{"rendered":"<p>Allgemeine Gesch\u00e4ftsbedingungen der Agentur CAT BLANCHE artspace<\/p>\n<ol>\n<li>Allgemeines \/ Geltungsbereich\n<ol>\n<li>Diese Allgemeinen Gesch\u00e4ftsbedingungen sind f\u00fcr den gesamten Gesch\u00e4ftsverkehr der Agentur CAT BLANCHE artspace verbindlich. Abweichende Bedingungen des Kunden erkennt die Agentur CAT BLANCHE artspace nicht an, es sei denn, CAT BLANCHE artspace hat ausdr\u00fccklich schriftlich ihrer Geltung zugestimmt.<\/li>\n<\/ol>\n<\/li>\n<li>Auftragsbest\u00e4tigung und Vertragsabschluss\n<ol>\n<li>CAT BLANCHE artspace bietet ihren Kunden auf der Internet-Seite www.catblanche.de die M\u00f6glichkeit, Kunstwerke anzusehen und per eMail-Anfrage zu bestellen.<\/li>\n<li>Alle Angebote unter www.catblanche.de sind f\u00fcr Privat- und Gesch\u00e4ftskunden.<\/li>\n<li>Die Bestellung bei CAT BLANCHE ist gleichbedeutend mit dem Angebot zum Abschluss eines Kaufvertrags. Nach erfolgter Bestellung bei CAT BLANCHE artspace\u00a0 wird von CAT BLANCHE artspace eine eMail verschickt, die den Eingang der Bestellung best\u00e4tigt und die Einzelheiten der Bestellung auff\u00fchrt (Bestellbest\u00e4tigung). Die Bestellbest\u00e4tigung ist keine Annahme des Angebots zum Abschluss des Kaufvertrags, sondern dient lediglich zur Information \u00fcber den Erhalt der Bestellung. Der Kaufvertrag kommt erst zustande sobald das bestellte Produkt von CAT BLANCHE artspace versandt wird.<\/li>\n<li>Sollte ein Kunstwerk nicht lieferbar sein, besteht kein Lieferanspruch.<\/li>\n<\/ol>\n<\/li>\n<li>Widerruf, R\u00fccksendungen\n<ol>\n<li>Der Kunde hat das Recht, das erworbene Kunstwerk bei Nichtgefallen innerhalb von 14 Tagen nach Erhalt zur\u00fcck zu geben bzw. kann seine Vertragserkl\u00e4rung innerhalb von 14 Tagen nach Erhalt des Werkes ohne Angabe von Gr\u00fcnden in Textform (z.B. Brief, eMail) widerrufen. Die Frist beginnt nach Erhalt der Versandbest\u00e4tigung des Kunstwerks in Textform, jedoch nicht vor Eingang der Ware beim Empf\u00e4nger. Zur Wahrung der Widerrufsfrist gen\u00fcgt die rechtzeitige Absendung des Widerrufs und der Sache.<\/li>\n<li>Der Widerruf ist zu richten an:<br \/>\nCatharina Banach, CAT BLANCHE artspace,<br \/>\nDuisburger Strasse 9, D-40477 D\u00fcsseldorf<\/li>\n<li>Widerrufsfolgen<br \/>\nIm Falle eines wirksamen Widerrufs sind die beiderseits empfangenen Leistungen zur\u00fcck zu gew\u00e4hren. Kann der Kunde uns die empfangene Leistung nicht oder teilweise nicht oder nur in verschlechtertem Zustand zur\u00fcckgew\u00e4hren beziehungsweise herausgeben, so muss er uns insoweit Wertersatz leisten. F\u00fcr die Verschlechterung der Sache und f\u00fcr gezogene Nutzungen muss der Kunde Wertersatz nur leisten, soweit die Nutzungen oder die Verschlechterung auf einen Umgang mit der Sache zur\u00fcckzuf\u00fchren ist.<\/li>\n<li>Der Kunde kann die Wertersatzpflicht vermeiden, indem er die Ware nicht wie ein Eigent\u00fcmer in Gebrauch nimmt und alles unterl\u00e4sst, was deren Wert beeintr\u00e4chtigt. Waren sind zum Schutz nur in der originalen Spezialverpackung des Hinweges unter Verwendung aller Schutzmaterialien zur\u00fcck zu senden.<\/li>\n<li>R\u00fccksendungen an die Agentur CAT BLANCHE artspace erfolgen auf Kosten und Gefahren des Absenders. Unberechtigte R\u00fccksendungen werden nicht angenommen. F\u00fcr die darauffolgende R\u00fccksendung tr\u00e4gt der Absender Kosten und Gefahr.<\/li>\n<li>Verpflichtungen zur Erstattung von Zahlungen m\u00fcssen innerhalb von 30 Tagen erf\u00fcllt werden.<br \/>\nDie Frist beginnt f\u00fcr den Kunden mit der Absendung der Widerrufserkl\u00e4rung oder der Sache, f\u00fcr CAT BLANCHE artspace mit deren Empfang.<\/li>\n<li>F\u00fcr Sonderanfertigungen bzw. nach Kundenspezifikation angefertigte Produkte oder solche, die eindeutig auf die pers\u00f6nlichen Bed\u00fcrfnisse des K\u00e4ufers zugeschnitten sind, gilt kein Widerrufs- bzw. R\u00fcckgaberecht.<\/li>\n<li>F\u00fcr den Fall, dass es zu einer Zahlungsr\u00fcckgabe kommt, wird\u00a0 die Agentur CAT BLANCHE artspace eine Bearbeitungsgeb\u00fchr in H\u00f6he von EUR 25,00 vom Besteller verlangen.<br \/>\nEnde der Widerrufsbelehrung.<\/li>\n<\/ol>\n<\/li>\n<li>Preise und Lieferung\n<ol>\n<li>Die Lieferung der Waren erfolgt zu den bei Bestellung g\u00fcltigen und von CAT BLANCHE artspace genannten Preisen. Die von CAT BLANCHE artspace benannten Preise verstehen sich zzgl. der gesetzlichen Mehrwertsteuer. Versand- und Verpackungskosten werden gesondert berechnet.<\/li>\n<li>Der Versand des Kaufgegenstandes durch CAT BLANCHE artspace erfolgt nur nach Vorkasse des Kunden und auf deren schriftliche Anweisung.<br \/>\nDie Zahlung des Kaufpreises erfolgt unmittelbar nach der Auftragsbest\u00e4tigung durch die<br \/>\nBank\u00fcberweisung.<\/li>\n<li>Sofern nicht anders vereinbart, erfolgt die Lieferung ab CAT BLANCHE artspace schnellstm\u00f6glich nach Zahlungseingang an die vom Besteller angegebene Lieferadresse. Angaben \u00fcber die Lieferfrist sind unverbindlich, soweit nicht ausnahmsweise der Liefertermin verbindlich schriftlich oder per eMail zugesagt wurde. CAT BLANCHE artspace kann nach eigenem sorgf\u00e4ltigem Ermessen Versandart und Versandmittel bestimmen.<\/li>\n<li>Der K\u00e4ufer hat die Ware unverz\u00fcglich auf Sch\u00e4den zu \u00fcberpr\u00fcfen und dem Spediteur gegen\u00fcber vor deren Annahme zu r\u00fcgen. \u00c4u\u00dferlich erkennbare Sch\u00e4den an den Sendungen sind durch den Ablieferer der Sendung sofort in geeigneter Weise bescheinigen zu lassen. Die Bef\u00f6rderungsunternehmen sind hierzu verpflichtet. Sollten offensichtliche Sch\u00e4den vorhanden sein und erst nach Annahme bemerkt werden, so hat der K\u00e4ufer dies uns gegen\u00fcber innerhalb einer Frist von 5 Tagen nach Annahme zu r\u00fcgen. Unterl\u00e4sst der K\u00e4ufer dies, so ist die Geltendmachung von M\u00e4ngelr\u00fcgen f\u00fcr solch offensichtliche Sch\u00e4den ausgeschlossen.<\/li>\n<\/ol>\n<\/li>\n<li>Eigentumsvorbehalt<br \/>\nDie gelieferten Waren bleiben bis zur Erf\u00fcllung aller Forderungen aus dem Vertrag im Eigentum von der Agentur CAT BLANCHE artspace.<\/li>\n<li>HaftungS\u00e4mtliche Angaben zu Produkten, Produkteigenschaften und Preisen gelten vorbehaltlich Irrtum. Unser Angebot ist freibleibend. Die Agentur CAT BLANCHE artspace haftet nur, wenn CAT BLANCHE artspace oder einer seiner Erf\u00fcllungsgehilfen eine wesentliche Vertragspflicht (Kardinalpflicht) in einer den Vertragszweck gef\u00e4hrdenden Weise verletzt hat oder der Schaden auf grobe Fahrl\u00e4ssigkeit oder Vorsatz von CAT BLANCHE artspace oder eines seiner Erf\u00fcllungsgehilfen zur\u00fcckzuf\u00fchren ist. Sofern dies nicht grob fahrl\u00e4ssig oder vors\u00e4tzlich erfolgt, ist die Haftung von CAT BLANCHE artspace auf den Schaden beschr\u00e4nkt, der bei Vertragsschluss vern\u00fcnftigerweise voraussehbar war.<br \/>\nBei Irrtum\/Verlust\/Besch\u00e4digung der Ware kann nur der Kaufpreis ersetzt werden. Es kann nicht Ersatz gefordert werden. Alle Anspr\u00fcche eines K\u00e4ufers, gleichg\u00fcltig aus welchem Rechtsgrund sie gestellt werden, insbesondere irgendwelche nicht ausdr\u00fccklich genannten Anspr\u00fcche auf Schadenersatz, Minderung oder R\u00fccktritt vom Vertrag sind ausgeschlossen. CAT BLANCHE artspace haftet ausdr\u00fccklich nicht f\u00fcr die Folgen vom Willen der Parteien unabh\u00e4ngiger Ereignisse, wie Krieg, Naturkatastrophen, Boykotte, Streiks etc. oder rechtliche Unm\u00f6glichkeit. Solche Ereignisse h\u00f6herer Gewalt geben CAT BLANCHE artspace das Recht, ohne Schadenersatzpflicht vom Vertrag zur\u00fcckzutreten oder diesen f\u00fcr eine den Umst\u00e4nden entsprechende Dauer aufzuschieben. Eine Haftung f\u00fcr Sch\u00e4den des K\u00e4ufers, insbesondere f\u00fcr Sch\u00e4den an Rechten oder Rechtsg\u00fctern des K\u00e4ufers, ist ausdr\u00fccklich ausgeschlossen. Ebenso haftet CAT BLANCHE artspace nicht f\u00fcr M\u00e4ngelfolgesch\u00e4den, insbesondere f\u00fcr entgangenen Gewinn. Die Haftung f\u00fcr zugesicherte Eigenschaften bleibt unber\u00fchrt. Weitergehende Gew\u00e4hrleistungsanspr\u00fcche sind ausgeschlossen.<\/li>\n<li>Gew\u00e4hrleistung, sachgem\u00e4\u00dfe Behandlung\n<ol>\n<li>Angaben zu den Kunstwerken werden \u00fcberwiegend auf Grundlage von CAT BLANCHE artspace gemachten Informationen der K\u00fcnstler gemacht. Die Agentur CAT BLANCHE artspace wird die Angaben im Rahmen des M\u00f6glichen pr\u00fcfen und haftet nur bedingt f\u00fcr die Richtigkeit dieser Angabe.<\/li>\n<li>Kunstwerke sind von Umwelteinfl\u00fcssen abh\u00e4ngig, ihre Anmutung und Farbigkeit k\u00f6nnen sich ver\u00e4ndern und ausbleichen. F\u00fcr diesen unab\u00e4nderlichen Ver\u00e4nderungsprozess \u00fcbernimmt die Agentur CAT BLANCHE artspace keine Gew\u00e4hrleistung. Alle Kunstwerke sind fotografiert, die originellen Farben k\u00f6nnen davon aus technischen Gr\u00fcnden leicht abweichen, daf\u00fcr \u00fcbernimmt CAT BLANCHE artspace keine Haftung.<\/li>\n<li>CAT BLANCHE artspace bem\u00fcht sich, die Internet-Seite www.catblanche.de stets betriebsbereit zu halten, CAT BLANCHE artspace \u00fcbernimmt aber keine Haftung f\u00fcr Sch\u00e4den und Fehler, die einem Kunden im Falle einer zeitweiligen Unerreichbarkeit der Website oder im Falle anderer technischer Probleme entstehen.<\/li>\n<\/ol>\n<\/li>\n<li>Datenschutz\n<ol>\n<li>Dem Kunden ist bekannt und er willigt darin ein, dass die zur Abwicklung des Auftrags erforderlichen pers\u00f6nlichen Daten von der Agentur CAT BLANCHE artspace auf Datentr\u00e4gern gespeichert werden. Der Kunde stimmt der Erhebung, Verarbeitung und Nutzung seiner personenbezogenen Daten ausdr\u00fccklich zu. Die gespeicherten pers\u00f6nlichen Daten werden von der Agentur CAT BLANCHE artspace selbstverst\u00e4ndlich vertraulich behandelt.<\/li>\n<li>Dem Kunden steht das Recht zu, seine Einwilligung jederzeit mit Wirkung f\u00fcr die Zukunft zu widerrufen. CAT BLANCHE artspace ist in diesem Fall zur sofortigen L\u00f6schung der pers\u00f6nlichen Daten des Kunden verpflichtet. Bei laufenden Bestellvorg\u00e4ngen erfolgt die L\u00f6schung nach Abschluss des Bestellvorgangs.<\/li>\n<\/ol>\n<\/li>\n<li>Salvatorische Klausel<br \/>\nSind oder werden einzelne Bestimmungen dieser Allgemeinen Gesch\u00e4ftsbedingungen und\/ oder des durch sie erg\u00e4nzten Vertrages unwirksam, so wird dadurch die Wirksamkeit der anderen Bestimmungen nicht ber\u00fchrt. Bei einer Unwirksamkeit einer einzelnen Bestimmung bem\u00fchen sich die Vertragspartner, eine neue Vereinbarung unter Ber\u00fccksichtigung der beiderseitigen Interessen zu erreichen, die dem wirtschaftlichen Zweck der unwirksamen Bestimmung am n\u00e4chsten kommt.<\/li>\n<li>Anwendbares Recht<br \/>\nEs gilt deutsches Recht unter Ausschluss des UN-Kaufrechts.<br \/>\nD\u00fcsseldorf, Januar 2016<\/li>\n<\/ol>\n<p>&nbsp;<\/p>\n<p>Copyright<br \/>\nTexte und Photographien copyright CAT BLANCHE artspace. Nutzung nur nach Erlaubnis.<\/p>\n<p>Widerrufsformular:<\/p>\n<p>Wenn Sie den Vertrag widerrufen m\u00f6chten, dann f\u00fcllen Sie bitte dieses Formular aus und senden es ab. Wir werden Ihnen unverz\u00fcglich eine Best\u00e4tigung per E-Mail \u00fcber den Eingang Ihres Widerrufs \u00fcbermitteln.<\/p>\n<p>An: CAT BLANCHE artspace, Catharina Banach<br \/>\nDuisburger Str.9, 40477 D\u00fcsseldorf<br \/>\nFon. 0211 41655677, <a href=\"mailto:art@catblanche.de\">art@catblanche.de<\/a><\/p>\n<p>Hiermit widerrufe(n) ich\/wir den von mir\/uns abgeschlossenen Vertrag \u00fcber den Kauf der folgenden Werke:<br \/>\n\u2026<\/p>\n<p>&nbsp;<\/p>\n<p>&nbsp;<\/p>\n<p>&nbsp;<\/p>\n<p>&nbsp;<\/p>\n","protected":false},"excerpt":{"rendered":"<p>Allgemeine Gesch\u00e4ftsbedingungen der Agentur CAT BLANCHE artspace Allgemeines \/ Geltungsbereich Diese Allgemeinen Gesch\u00e4ftsbedingungen sind f\u00fcr den gesamten Gesch\u00e4ftsverkehr der Agentur CAT BLANCHE artspace verbindlich. Abweichende Bedingungen des Kunden erkennt die Agentur CAT BLANCHE artspace nicht an, es sei denn, CAT BLANCHE artspace hat ausdr\u00fccklich schriftlich ihrer Geltung zugestimmt. Auftragsbest\u00e4tigung und Vertragsabschluss CAT BLANCHE artspace bietet [&hellip;]<\/p>\n","protected":false},"author":1,"featured_media":0,"parent":0,"menu_order":0,"comment_status":"closed","ping_status":"closed","template":"","meta":{"_exactmetrics_skip_tracking":false,"_exactmetrics_sitenote_active":false,"_exactmetrics_sitenote_note":"","_exactmetrics_sitenote_category":0,"footnotes":""},"class_list":["post-2173","page","type-page","status-publish","hentry"],"yoast_head":"<!-- This site is optimized with the Yoast SEO plugin v27.3 - https:\/\/yoast.com\/product\/yoast-seo-wordpress\/ -->\n<title>Terms of Purchase - CAT BLANCHE<\/title>\n<meta name=\"robots\" content=\"index, follow, max-snippet:-1, max-image-preview:large, max-video-preview:-1\" \/>\n<link rel=\"canonical\" href=\"http:\/\/catblanche.de\/de\/terms-of-purchase\/\" \/>\n<meta property=\"og:locale\" content=\"de_DE\" \/>\n<meta property=\"og:type\" content=\"article\" \/>\n<meta property=\"og:title\" content=\"Terms of Purchase - CAT BLANCHE\" \/>\n<meta property=\"og:description\" content=\"Allgemeine Gesch\u00e4ftsbedingungen der Agentur CAT BLANCHE artspace Allgemeines \/ Geltungsbereich Diese Allgemeinen Gesch\u00e4ftsbedingungen sind f\u00fcr den gesamten Gesch\u00e4ftsverkehr der Agentur CAT BLANCHE artspace verbindlich. Abweichende Bedingungen des Kunden erkennt die Agentur CAT BLANCHE artspace nicht an, es sei denn, CAT BLANCHE artspace hat ausdr\u00fccklich schriftlich ihrer Geltung zugestimmt. Auftragsbest\u00e4tigung und Vertragsabschluss CAT BLANCHE artspace bietet [&hellip;]\" \/>\n<meta property=\"og:url\" content=\"http:\/\/catblanche.de\/de\/terms-of-purchase\/\" \/>\n<meta property=\"og:site_name\" content=\"CAT BLANCHE\" \/>\n<meta property=\"article:publisher\" content=\"https:\/\/www.facebook.com\/catharina.banach\" \/>\n<meta property=\"article:modified_time\" content=\"2019-01-07T17:31:03+00:00\" \/>\n<meta name=\"twitter:card\" content=\"summary_large_image\" \/>\n<meta name=\"twitter:label1\" content=\"Gesch\u00e4tzte Lesezeit\" \/>\n\t<meta name=\"twitter:data1\" content=\"7\u00a0Minuten\" \/>\n<script type=\"application\/ld+json\" class=\"yoast-schema-graph\">{\"@context\":\"https:\\\/\\\/schema.org\",\"@graph\":[{\"@type\":\"WebPage\",\"@id\":\"http:\\\/\\\/catblanche.de\\\/de\\\/terms-of-purchase\\\/\",\"url\":\"http:\\\/\\\/catblanche.de\\\/de\\\/terms-of-purchase\\\/\",\"name\":\"Terms of Purchase - CAT BLANCHE\",\"isPartOf\":{\"@id\":\"http:\\\/\\\/catblanche.de\\\/#website\"},\"datePublished\":\"2016-11-22T13:34:35+00:00\",\"dateModified\":\"2019-01-07T17:31:03+00:00\",\"breadcrumb\":{\"@id\":\"http:\\\/\\\/catblanche.de\\\/de\\\/terms-of-purchase\\\/#breadcrumb\"},\"inLanguage\":\"de\",\"potentialAction\":[{\"@type\":\"ReadAction\",\"target\":[\"http:\\\/\\\/catblanche.de\\\/de\\\/terms-of-purchase\\\/\"]}]},{\"@type\":\"BreadcrumbList\",\"@id\":\"http:\\\/\\\/catblanche.de\\\/de\\\/terms-of-purchase\\\/#breadcrumb\",\"itemListElement\":[{\"@type\":\"ListItem\",\"position\":1,\"name\":\"Home\",\"item\":\"http:\\\/\\\/catblanche.de\\\/de\\\/\"},{\"@type\":\"ListItem\",\"position\":2,\"name\":\"Terms of Purchase\"}]},{\"@type\":\"WebSite\",\"@id\":\"http:\\\/\\\/catblanche.de\\\/#website\",\"url\":\"http:\\\/\\\/catblanche.de\\\/\",\"name\":\"CAT BLANCHE\",\"description\":\" unique art for rebels &amp; lovers\",\"potentialAction\":[{\"@type\":\"SearchAction\",\"target\":{\"@type\":\"EntryPoint\",\"urlTemplate\":\"http:\\\/\\\/catblanche.de\\\/?s={search_term_string}\"},\"query-input\":{\"@type\":\"PropertyValueSpecification\",\"valueRequired\":true,\"valueName\":\"search_term_string\"}}],\"inLanguage\":\"de\"}]}<\/script>\n<!-- \/ Yoast SEO plugin. -->","yoast_head_json":{"title":"Terms of Purchase - CAT BLANCHE","robots":{"index":"index","follow":"follow","max-snippet":"max-snippet:-1","max-image-preview":"max-image-preview:large","max-video-preview":"max-video-preview:-1"},"canonical":"http:\/\/catblanche.de\/de\/terms-of-purchase\/","og_locale":"de_DE","og_type":"article","og_title":"Terms of Purchase - CAT BLANCHE","og_description":"Allgemeine Gesch\u00e4ftsbedingungen der Agentur CAT BLANCHE artspace Allgemeines \/ Geltungsbereich Diese Allgemeinen Gesch\u00e4ftsbedingungen sind f\u00fcr den gesamten Gesch\u00e4ftsverkehr der Agentur CAT BLANCHE artspace verbindlich. Abweichende Bedingungen des Kunden erkennt die Agentur CAT BLANCHE artspace nicht an, es sei denn, CAT BLANCHE artspace hat ausdr\u00fccklich schriftlich ihrer Geltung zugestimmt. Auftragsbest\u00e4tigung und Vertragsabschluss CAT BLANCHE artspace bietet [&hellip;]","og_url":"http:\/\/catblanche.de\/de\/terms-of-purchase\/","og_site_name":"CAT BLANCHE","article_publisher":"https:\/\/www.facebook.com\/catharina.banach","article_modified_time":"2019-01-07T17:31:03+00:00","twitter_card":"summary_large_image","twitter_misc":{"Gesch\u00e4tzte Lesezeit":"7\u00a0Minuten"},"schema":{"@context":"https:\/\/schema.org","@graph":[{"@type":"WebPage","@id":"http:\/\/catblanche.de\/de\/terms-of-purchase\/","url":"http:\/\/catblanche.de\/de\/terms-of-purchase\/","name":"Terms of Purchase - CAT BLANCHE","isPartOf":{"@id":"http:\/\/catblanche.de\/#website"},"datePublished":"2016-11-22T13:34:35+00:00","dateModified":"2019-01-07T17:31:03+00:00","breadcrumb":{"@id":"http:\/\/catblanche.de\/de\/terms-of-purchase\/#breadcrumb"},"inLanguage":"de","potentialAction":[{"@type":"ReadAction","target":["http:\/\/catblanche.de\/de\/terms-of-purchase\/"]}]},{"@type":"BreadcrumbList","@id":"http:\/\/catblanche.de\/de\/terms-of-purchase\/#breadcrumb","itemListElement":[{"@type":"ListItem","position":1,"name":"Home","item":"http:\/\/catblanche.de\/de\/"},{"@type":"ListItem","position":2,"name":"Terms of Purchase"}]},{"@type":"WebSite","@id":"http:\/\/catblanche.de\/#website","url":"http:\/\/catblanche.de\/","name":"CAT BLANCHE","description":" unique art for rebels &amp; lovers","potentialAction":[{"@type":"SearchAction","target":{"@type":"EntryPoint","urlTemplate":"http:\/\/catblanche.de\/?s={search_term_string}"},"query-input":{"@type":"PropertyValueSpecification","valueRequired":true,"valueName":"search_term_string"}}],"inLanguage":"de"}]}},"_links":{"self":[{"href":"http:\/\/catblanche.de\/de\/wp-json\/wp\/v2\/pages\/2173\/"}],"collection":[{"href":"http:\/\/catblanche.de\/de\/wp-json\/wp\/v2\/pages\/"}],"about":[{"href":"http:\/\/catblanche.de\/de\/wp-json\/wp\/v2\/types\/page\/"}],"author":[{"embeddable":true,"href":"http:\/\/catblanche.de\/de\/wp-json\/wp\/v2\/users\/1\/"}],"replies":[{"embeddable":true,"href":"http:\/\/catblanche.de\/de\/wp-json\/wp\/v2\/comments\/?post=2173"}],"version-history":[{"count":8,"href":"http:\/\/catblanche.de\/de\/wp-json\/wp\/v2\/pages\/2173\/revisions\/"}],"predecessor-version":[{"id":3904,"href":"http:\/\/catblanche.de\/de\/wp-json\/wp\/v2\/pages\/2173\/revisions\/3904\/"}],"wp:attachment":[{"href":"http:\/\/catblanche.de\/de\/wp-json\/wp\/v2\/media\/?parent=2173"}],"curies":[{"name":"wp","href":"https:\/\/api.w.org\/{rel}","templated":true}]}}