{"id":2176,"date":"2016-11-22T14:18:55","date_gmt":"2016-11-22T13:18:55","guid":{"rendered":"http:\/\/catblanche.de\/contact\/"},"modified":"2017-08-18T13:33:35","modified_gmt":"2017-08-18T11:33:35","slug":"contact","status":"publish","type":"page","link":"http:\/\/catblanche.de\/de\/contact\/","title":{"rendered":"Kontakt"},"content":{"rendered":"<p>CAT BLANCHE Agentur,<br \/>\nvertreten durch Catharina Banach<\/p>\n<p>&#8211; ist eine nomadische Kunstgalerie und Kreativagentur f\u00fcr Kunstberatung, Distribution und Realisation von kulturellen Projekten.<\/p>\n<p>Alle pr\u00e4sentierten Werke sind Unikate und k\u00f6nnen erworben werden.<br \/>\nWir verschicken direkt zu Ihnen.<\/p>\n<p>Verantwortlich f\u00fcr den Inhalt:<\/p>\n<p>Catharina Banach<br \/>\nDuisburger Str. 9<br \/>\nD-40477 D\u00fcsseldorf, Deutschland<\/p>\n<p>0049 211 41655677<br \/>\n0049 163 3936220<\/p>\n<p><a href=\"mailto:art@catblanche.de\">art@catblanche.de<\/a><\/p>\n<p>Steuernummer.: DE238686900<\/p>\n<p><a class=\"link\" href=\"http:\/\/catblanche.de\/de\/privacy-policy\/\">Datenschutz<\/a><br \/>\n<a class=\"link\" href=\"http:\/\/catblanche.de\/de\/terms-of-purchase\/\">AGB<\/a><\/p>\n<div><a class=\"link\" href=\"https:\/\/www.facebook.com\/catharina.banach\" target=\"_blank\" rel=\"noopener noreferrer\">Facebook<\/a><br \/>\n<a class=\"link\" href=\"https:\/\/www.instagram.com\/cat.blanche\/\" target=\"_blank\" rel=\"noopener noreferrer\">Instagram<\/a><\/div>\n<div><a class=\"link\" href=\"https:\/\/www.linkedin.com\/in\/catharina-banach-2a2b618b\/\" target=\"_blank\" rel=\"noopener noreferrer\">LinkedIn<\/a><\/div>\n","protected":false},"excerpt":{"rendered":"<p>CAT BLANCHE Agentur, vertreten durch Catharina Banach &#8211; ist eine nomadische Kunstgalerie und Kreativagentur f\u00fcr Kunstberatung, Distribution und Realisation von kulturellen Projekten. Alle pr\u00e4sentierten Werke sind Unikate und k\u00f6nnen erworben werden. Wir verschicken direkt zu Ihnen. Verantwortlich f\u00fcr den Inhalt: Catharina Banach Duisburger Str. 9 D-40477 D\u00fcsseldorf, Deutschland 0049 211 41655677 0049 163 3936220 art@catblanche.de [&hellip;]<\/p>\n","protected":false},"author":1,"featured_media":0,"parent":0,"menu_order":0,"comment_status":"closed","ping_status":"closed","template":"","meta":{"_exactmetrics_skip_tracking":false,"_exactmetrics_sitenote_active":false,"_exactmetrics_sitenote_note":"","_exactmetrics_sitenote_category":0,"footnotes":""},"class_list":["post-2176","page","type-page","status-publish","hentry"],"yoast_head":"<!-- This site is optimized with the Yoast SEO plugin v27.3 - https:\/\/yoast.com\/product\/yoast-seo-wordpress\/ -->\n<title>Kontakt - CAT BLANCHE<\/title>\n<meta name=\"description\" content=\"CAT BLANCHE is an online art gallery and a creative agency specializing in art advisory, artist management and art communications.\" \/>\n<meta name=\"robots\" content=\"index, follow, max-snippet:-1, max-image-preview:large, max-video-preview:-1\" \/>\n<link rel=\"canonical\" href=\"http:\/\/catblanche.de\/de\/contact\/\" \/>\n<meta property=\"og:locale\" content=\"de_DE\" \/>\n<meta property=\"og:type\" content=\"article\" \/>\n<meta property=\"og:title\" content=\"Kontakt - CAT BLANCHE\" \/>\n<meta property=\"og:description\" content=\"CAT BLANCHE is an online art gallery and a creative agency specializing in art advisory, artist management and art communications.\" \/>\n<meta property=\"og:url\" content=\"http:\/\/catblanche.de\/de\/contact\/\" \/>\n<meta property=\"og:site_name\" content=\"CAT BLANCHE\" \/>\n<meta property=\"article:publisher\" content=\"https:\/\/www.facebook.com\/catharina.banach\" \/>\n<meta property=\"article:modified_time\" content=\"2017-08-18T11:33:35+00:00\" \/>\n<meta name=\"twitter:card\" content=\"summary_large_image\" \/>\n<script type=\"application\/ld+json\" class=\"yoast-schema-graph\">{\"@context\":\"https:\\\/\\\/schema.org\",\"@graph\":[{\"@type\":\"WebPage\",\"@id\":\"http:\\\/\\\/catblanche.de\\\/de\\\/contact\\\/\",\"url\":\"http:\\\/\\\/catblanche.de\\\/de\\\/contact\\\/\",\"name\":\"Kontakt - CAT BLANCHE\",\"isPartOf\":{\"@id\":\"http:\\\/\\\/catblanche.de\\\/#website\"},\"datePublished\":\"2016-11-22T13:18:55+00:00\",\"dateModified\":\"2017-08-18T11:33:35+00:00\",\"description\":\"CAT BLANCHE is an online art gallery and a creative agency specializing in art advisory, artist management and art communications.\",\"breadcrumb\":{\"@id\":\"http:\\\/\\\/catblanche.de\\\/de\\\/contact\\\/#breadcrumb\"},\"inLanguage\":\"de\",\"potentialAction\":[{\"@type\":\"ReadAction\",\"target\":[\"http:\\\/\\\/catblanche.de\\\/de\\\/contact\\\/\"]}]},{\"@type\":\"BreadcrumbList\",\"@id\":\"http:\\\/\\\/catblanche.de\\\/de\\\/contact\\\/#breadcrumb\",\"itemListElement\":[{\"@type\":\"ListItem\",\"position\":1,\"name\":\"Home\",\"item\":\"http:\\\/\\\/catblanche.de\\\/de\\\/\"},{\"@type\":\"ListItem\",\"position\":2,\"name\":\"Kontakt\"}]},{\"@type\":\"WebSite\",\"@id\":\"http:\\\/\\\/catblanche.de\\\/#website\",\"url\":\"http:\\\/\\\/catblanche.de\\\/\",\"name\":\"CAT BLANCHE\",\"description\":\" unique art for rebels &amp; lovers\",\"potentialAction\":[{\"@type\":\"SearchAction\",\"target\":{\"@type\":\"EntryPoint\",\"urlTemplate\":\"http:\\\/\\\/catblanche.de\\\/?s={search_term_string}\"},\"query-input\":{\"@type\":\"PropertyValueSpecification\",\"valueRequired\":true,\"valueName\":\"search_term_string\"}}],\"inLanguage\":\"de\"}]}<\/script>\n<!-- \/ Yoast SEO plugin. -->","yoast_head_json":{"title":"Kontakt - CAT BLANCHE","description":"CAT BLANCHE is an online art gallery and a creative agency specializing in art advisory, artist management and art communications.","robots":{"index":"index","follow":"follow","max-snippet":"max-snippet:-1","max-image-preview":"max-image-preview:large","max-video-preview":"max-video-preview:-1"},"canonical":"http:\/\/catblanche.de\/de\/contact\/","og_locale":"de_DE","og_type":"article","og_title":"Kontakt - CAT BLANCHE","og_description":"CAT BLANCHE is an online art gallery and a creative agency specializing in art advisory, artist management and art communications.","og_url":"http:\/\/catblanche.de\/de\/contact\/","og_site_name":"CAT BLANCHE","article_publisher":"https:\/\/www.facebook.com\/catharina.banach","article_modified_time":"2017-08-18T11:33:35+00:00","twitter_card":"summary_large_image","schema":{"@context":"https:\/\/schema.org","@graph":[{"@type":"WebPage","@id":"http:\/\/catblanche.de\/de\/contact\/","url":"http:\/\/catblanche.de\/de\/contact\/","name":"Kontakt - CAT BLANCHE","isPartOf":{"@id":"http:\/\/catblanche.de\/#website"},"datePublished":"2016-11-22T13:18:55+00:00","dateModified":"2017-08-18T11:33:35+00:00","description":"CAT BLANCHE is an online art gallery and a creative agency specializing in art advisory, artist management and art communications.","breadcrumb":{"@id":"http:\/\/catblanche.de\/de\/contact\/#breadcrumb"},"inLanguage":"de","potentialAction":[{"@type":"ReadAction","target":["http:\/\/catblanche.de\/de\/contact\/"]}]},{"@type":"BreadcrumbList","@id":"http:\/\/catblanche.de\/de\/contact\/#breadcrumb","itemListElement":[{"@type":"ListItem","position":1,"name":"Home","item":"http:\/\/catblanche.de\/de\/"},{"@type":"ListItem","position":2,"name":"Kontakt"}]},{"@type":"WebSite","@id":"http:\/\/catblanche.de\/#website","url":"http:\/\/catblanche.de\/","name":"CAT BLANCHE","description":" unique art for rebels &amp; lovers","potentialAction":[{"@type":"SearchAction","target":{"@type":"EntryPoint","urlTemplate":"http:\/\/catblanche.de\/?s={search_term_string}"},"query-input":{"@type":"PropertyValueSpecification","valueRequired":true,"valueName":"search_term_string"}}],"inLanguage":"de"}]}},"_links":{"self":[{"href":"http:\/\/catblanche.de\/de\/wp-json\/wp\/v2\/pages\/2176\/"}],"collection":[{"href":"http:\/\/catblanche.de\/de\/wp-json\/wp\/v2\/pages\/"}],"about":[{"href":"http:\/\/catblanche.de\/de\/wp-json\/wp\/v2\/types\/page\/"}],"author":[{"embeddable":true,"href":"http:\/\/catblanche.de\/de\/wp-json\/wp\/v2\/users\/1\/"}],"replies":[{"embeddable":true,"href":"http:\/\/catblanche.de\/de\/wp-json\/wp\/v2\/comments\/?post=2176"}],"version-history":[{"count":7,"href":"http:\/\/catblanche.de\/de\/wp-json\/wp\/v2\/pages\/2176\/revisions\/"}],"predecessor-version":[{"id":2437,"href":"http:\/\/catblanche.de\/de\/wp-json\/wp\/v2\/pages\/2176\/revisions\/2437\/"}],"wp:attachment":[{"href":"http:\/\/catblanche.de\/de\/wp-json\/wp\/v2\/media\/?parent=2176"}],"curies":[{"name":"wp","href":"https:\/\/api.w.org\/{rel}","templated":true}]}}