{"id":2177,"date":"2016-11-22T14:18:48","date_gmt":"2016-11-22T13:18:48","guid":{"rendered":"http:\/\/catblanche.de\/studio\/"},"modified":"2017-08-22T12:42:51","modified_gmt":"2017-08-22T10:42:51","slug":"studio","status":"publish","type":"page","link":"http:\/\/catblanche.de\/de\/studio\/","title":{"rendered":"Cat"},"content":{"rendered":"<p>Catharina Banach ist Kunstagentin, Katalysator der kulturellen Produktion und Gr\u00fcnderin von CAT BLANCHE.<\/p>\n<p>Mit Wurzeln in Gestaltung und Kommunikation, den sowohl vision\u00e4ren als auch sachlichen Disziplinen von Architektur, Journalismus und Politikwissenschaft f\u00fchrte sie ihren Lebenslauf durch die Metiers von Projekt- und Strategiemanagement, Public Relations &amp; Personality Brand Building, Fundraising, Alternativinvestment und Immobilienwirtschaft, wo sie mit Feinsinn, einem vision\u00e4ren Bewusstsein f\u00fcr Zusammenh\u00e4nge und einer \u00e4sthetischen Sensibilit\u00e4t Kontexte f\u00fcr Wertekulturen entwickelt hat: ideelle R\u00e4ume f\u00fcr neue Wirkungskraft, R\u00e4ume f\u00fcr Ethik und \u00c4sthetik, transkulturell, wertsch\u00f6pfend, veredelnd.<\/p>\n<p>Nach \u00fcber 20 Jahren in der Unternehmensberatung und Kommunikationsmanagement gr\u00fcndete sie in 2014 die CAT BLANCHE artspace, um \u201eDiamanten\u201c der aufsteigenden Kunst zu vermarkten.<\/p>\n<p>Kultur ist das, was wir sind. Mit Kunst als Umsetzer und Produzent von kulturellen Werten, mit ihrer Mission, Menschen zu inspirieren und zu verbinden sowie die Geschichte unserer Zeit zu schreiben, stellt eine Kunstsammlung eine h\u00f6chst anspruchsvolle Ausdrucksform der Selbstverwirklichung dar. Mit einem Mix aus noch unbekannten und bereits etablierten K\u00fcnstlern, steht Ihnen CAT BLANCHE als unabh\u00e4ngiger Berater bei der Gestaltung Ihrer Kunstsammlung zur Seite.<\/p>\n<p>Wir helfen Ihnen, sich durch die oft kaum durchschaubaren Kunstm\u00e4rkte zu navigieren, bringen strategische Beratung f\u00fcr K\u00e4ufer und Verk\u00e4ufer, begleiten mit kuratorischer Assistenz und einer Vielfalt von mediativ-kommunikativen Services.<\/p>\n<p>Wir sind dort, wo Sie sind, &#8211; online und bei Ihnen zuhause. F\u00fchlen Sie sich frei, das Kunstwerk Ihres Herzens direkt anzufordern, ohne dass Sie Ihr Domizil verlassen m\u00fcssen.<\/p>\n<p>Mit Pop Up Events und externen Ausstellungsprojekten schaffen wir Gelegenheiten zur Entdeckung und kreativem Come Together.<br \/>\nWir beraten stets vertraulich, diskret und individuell.<\/p>\n<p>Immer offen f\u00fcr Ihre besonderen W\u00fcnsche: <a href=\"mailto:art@catblanche.de\">art@catblanche.de<\/a><\/p>\n<p><img loading=\"lazy\" decoding=\"async\" class=\"alignnone size-full wp-image-1550\" src=\"http:\/\/catblanche.de\/wp-content\/uploads\/2016\/11\/300x300-e1497962804357.jpg\" alt=\"\" width=\"200\" height=\"200\" \/><\/p>\n<div><\/div>\n","protected":false},"excerpt":{"rendered":"<p>Catharina Banach ist Kunstagentin, Katalysator der kulturellen Produktion und Gr\u00fcnderin von CAT BLANCHE. Mit Wurzeln in Gestaltung und Kommunikation, den sowohl vision\u00e4ren als auch sachlichen Disziplinen von Architektur, Journalismus und Politikwissenschaft f\u00fchrte sie ihren Lebenslauf durch die Metiers von Projekt- und Strategiemanagement, Public Relations &amp; Personality Brand Building, Fundraising, Alternativinvestment und Immobilienwirtschaft, wo sie mit [&hellip;]<\/p>\n","protected":false},"author":1,"featured_media":0,"parent":0,"menu_order":0,"comment_status":"closed","ping_status":"closed","template":"","meta":{"_exactmetrics_skip_tracking":false,"_exactmetrics_sitenote_active":false,"_exactmetrics_sitenote_note":"","_exactmetrics_sitenote_category":0,"footnotes":""},"class_list":["post-2177","page","type-page","status-publish","hentry"],"yoast_head":"<!-- This site is optimized with the Yoast SEO plugin v27.3 - https:\/\/yoast.com\/product\/yoast-seo-wordpress\/ -->\n<title>Cat - CAT BLANCHE<\/title>\n<meta name=\"description\" content=\"CAT BLANCHE. Artists management. Promotion and sales.\" \/>\n<meta name=\"robots\" content=\"index, follow, max-snippet:-1, max-image-preview:large, max-video-preview:-1\" \/>\n<link rel=\"canonical\" href=\"http:\/\/catblanche.de\/de\/studio\/\" \/>\n<meta property=\"og:locale\" content=\"de_DE\" \/>\n<meta property=\"og:type\" content=\"article\" \/>\n<meta property=\"og:title\" content=\"Cat - CAT BLANCHE\" \/>\n<meta property=\"og:description\" content=\"CAT BLANCHE. Artists management. Promotion and sales.\" \/>\n<meta property=\"og:url\" content=\"http:\/\/catblanche.de\/de\/studio\/\" \/>\n<meta property=\"og:site_name\" content=\"CAT BLANCHE\" \/>\n<meta property=\"article:publisher\" content=\"https:\/\/www.facebook.com\/catharina.banach\" \/>\n<meta property=\"article:modified_time\" content=\"2017-08-22T10:42:51+00:00\" \/>\n<meta property=\"og:image\" content=\"http:\/\/catblanche.de\/wp-content\/uploads\/2016\/11\/300x300-e1497962804357.jpg\" \/>\n\t<meta property=\"og:image:width\" content=\"200\" \/>\n\t<meta property=\"og:image:height\" content=\"200\" \/>\n\t<meta property=\"og:image:type\" content=\"image\/jpeg\" \/>\n<meta name=\"twitter:card\" content=\"summary_large_image\" \/>\n<meta name=\"twitter:label1\" content=\"Gesch\u00e4tzte Lesezeit\" \/>\n\t<meta name=\"twitter:data1\" content=\"1\u00a0Minute\" \/>\n<script type=\"application\/ld+json\" class=\"yoast-schema-graph\">{\"@context\":\"https:\\\/\\\/schema.org\",\"@graph\":[{\"@type\":\"WebPage\",\"@id\":\"http:\\\/\\\/catblanche.de\\\/de\\\/studio\\\/\",\"url\":\"http:\\\/\\\/catblanche.de\\\/de\\\/studio\\\/\",\"name\":\"Cat - CAT BLANCHE\",\"isPartOf\":{\"@id\":\"http:\\\/\\\/catblanche.de\\\/#website\"},\"primaryImageOfPage\":{\"@id\":\"http:\\\/\\\/catblanche.de\\\/de\\\/studio\\\/#primaryimage\"},\"image\":{\"@id\":\"http:\\\/\\\/catblanche.de\\\/de\\\/studio\\\/#primaryimage\"},\"thumbnailUrl\":\"http:\\\/\\\/catblanche.de\\\/wp-content\\\/uploads\\\/2016\\\/11\\\/300x300-e1497962804357.jpg\",\"datePublished\":\"2016-11-22T13:18:48+00:00\",\"dateModified\":\"2017-08-22T10:42:51+00:00\",\"description\":\"CAT BLANCHE. Artists management. Promotion and sales.\",\"breadcrumb\":{\"@id\":\"http:\\\/\\\/catblanche.de\\\/de\\\/studio\\\/#breadcrumb\"},\"inLanguage\":\"de\",\"potentialAction\":[{\"@type\":\"ReadAction\",\"target\":[\"http:\\\/\\\/catblanche.de\\\/de\\\/studio\\\/\"]}]},{\"@type\":\"ImageObject\",\"inLanguage\":\"de\",\"@id\":\"http:\\\/\\\/catblanche.de\\\/de\\\/studio\\\/#primaryimage\",\"url\":\"http:\\\/\\\/catblanche.de\\\/wp-content\\\/uploads\\\/2016\\\/11\\\/300x300-e1497962804357.jpg\",\"contentUrl\":\"http:\\\/\\\/catblanche.de\\\/wp-content\\\/uploads\\\/2016\\\/11\\\/300x300-e1497962804357.jpg\"},{\"@type\":\"BreadcrumbList\",\"@id\":\"http:\\\/\\\/catblanche.de\\\/de\\\/studio\\\/#breadcrumb\",\"itemListElement\":[{\"@type\":\"ListItem\",\"position\":1,\"name\":\"Home\",\"item\":\"http:\\\/\\\/catblanche.de\\\/de\\\/\"},{\"@type\":\"ListItem\",\"position\":2,\"name\":\"Cat\"}]},{\"@type\":\"WebSite\",\"@id\":\"http:\\\/\\\/catblanche.de\\\/#website\",\"url\":\"http:\\\/\\\/catblanche.de\\\/\",\"name\":\"CAT BLANCHE\",\"description\":\" unique art for rebels &amp; lovers\",\"potentialAction\":[{\"@type\":\"SearchAction\",\"target\":{\"@type\":\"EntryPoint\",\"urlTemplate\":\"http:\\\/\\\/catblanche.de\\\/?s={search_term_string}\"},\"query-input\":{\"@type\":\"PropertyValueSpecification\",\"valueRequired\":true,\"valueName\":\"search_term_string\"}}],\"inLanguage\":\"de\"}]}<\/script>\n<!-- \/ Yoast SEO plugin. -->","yoast_head_json":{"title":"Cat - CAT BLANCHE","description":"CAT BLANCHE. Artists management. Promotion and sales.","robots":{"index":"index","follow":"follow","max-snippet":"max-snippet:-1","max-image-preview":"max-image-preview:large","max-video-preview":"max-video-preview:-1"},"canonical":"http:\/\/catblanche.de\/de\/studio\/","og_locale":"de_DE","og_type":"article","og_title":"Cat - CAT BLANCHE","og_description":"CAT BLANCHE. Artists management. Promotion and sales.","og_url":"http:\/\/catblanche.de\/de\/studio\/","og_site_name":"CAT BLANCHE","article_publisher":"https:\/\/www.facebook.com\/catharina.banach","article_modified_time":"2017-08-22T10:42:51+00:00","og_image":[{"width":200,"height":200,"url":"http:\/\/catblanche.de\/wp-content\/uploads\/2016\/11\/300x300-e1497962804357.jpg","type":"image\/jpeg"}],"twitter_card":"summary_large_image","twitter_misc":{"Gesch\u00e4tzte Lesezeit":"1\u00a0Minute"},"schema":{"@context":"https:\/\/schema.org","@graph":[{"@type":"WebPage","@id":"http:\/\/catblanche.de\/de\/studio\/","url":"http:\/\/catblanche.de\/de\/studio\/","name":"Cat - CAT BLANCHE","isPartOf":{"@id":"http:\/\/catblanche.de\/#website"},"primaryImageOfPage":{"@id":"http:\/\/catblanche.de\/de\/studio\/#primaryimage"},"image":{"@id":"http:\/\/catblanche.de\/de\/studio\/#primaryimage"},"thumbnailUrl":"http:\/\/catblanche.de\/wp-content\/uploads\/2016\/11\/300x300-e1497962804357.jpg","datePublished":"2016-11-22T13:18:48+00:00","dateModified":"2017-08-22T10:42:51+00:00","description":"CAT BLANCHE. Artists management. Promotion and sales.","breadcrumb":{"@id":"http:\/\/catblanche.de\/de\/studio\/#breadcrumb"},"inLanguage":"de","potentialAction":[{"@type":"ReadAction","target":["http:\/\/catblanche.de\/de\/studio\/"]}]},{"@type":"ImageObject","inLanguage":"de","@id":"http:\/\/catblanche.de\/de\/studio\/#primaryimage","url":"http:\/\/catblanche.de\/wp-content\/uploads\/2016\/11\/300x300-e1497962804357.jpg","contentUrl":"http:\/\/catblanche.de\/wp-content\/uploads\/2016\/11\/300x300-e1497962804357.jpg"},{"@type":"BreadcrumbList","@id":"http:\/\/catblanche.de\/de\/studio\/#breadcrumb","itemListElement":[{"@type":"ListItem","position":1,"name":"Home","item":"http:\/\/catblanche.de\/de\/"},{"@type":"ListItem","position":2,"name":"Cat"}]},{"@type":"WebSite","@id":"http:\/\/catblanche.de\/#website","url":"http:\/\/catblanche.de\/","name":"CAT BLANCHE","description":" unique art for rebels &amp; lovers","potentialAction":[{"@type":"SearchAction","target":{"@type":"EntryPoint","urlTemplate":"http:\/\/catblanche.de\/?s={search_term_string}"},"query-input":{"@type":"PropertyValueSpecification","valueRequired":true,"valueName":"search_term_string"}}],"inLanguage":"de"}]}},"_links":{"self":[{"href":"http:\/\/catblanche.de\/de\/wp-json\/wp\/v2\/pages\/2177\/"}],"collection":[{"href":"http:\/\/catblanche.de\/de\/wp-json\/wp\/v2\/pages\/"}],"about":[{"href":"http:\/\/catblanche.de\/de\/wp-json\/wp\/v2\/types\/page\/"}],"author":[{"embeddable":true,"href":"http:\/\/catblanche.de\/de\/wp-json\/wp\/v2\/users\/1\/"}],"replies":[{"embeddable":true,"href":"http:\/\/catblanche.de\/de\/wp-json\/wp\/v2\/comments\/?post=2177"}],"version-history":[{"count":6,"href":"http:\/\/catblanche.de\/de\/wp-json\/wp\/v2\/pages\/2177\/revisions\/"}],"predecessor-version":[{"id":2443,"href":"http:\/\/catblanche.de\/de\/wp-json\/wp\/v2\/pages\/2177\/revisions\/2443\/"}],"wp:attachment":[{"href":"http:\/\/catblanche.de\/de\/wp-json\/wp\/v2\/media\/?parent=2177"}],"curies":[{"name":"wp","href":"https:\/\/api.w.org\/{rel}","templated":true}]}}