{"id":2179,"date":"2016-11-22T14:18:30","date_gmt":"2016-11-22T13:18:30","guid":{"rendered":"http:\/\/catblanche.de\/apropos\/"},"modified":"2017-08-18T13:26:59","modified_gmt":"2017-08-18T11:26:59","slug":"apropos","status":"publish","type":"page","link":"http:\/\/catblanche.de\/de\/apropos\/","title":{"rendered":"Apropos"},"content":{"rendered":"<p>Erwecke den Rebell in dir<br \/>\num die Sonne mit dem Auge der Ignoranz zu erkennen<br \/>\nsie erfassen, in aller Klarheit ihres Wesens.<br \/>\n<code><span style=\"color: #ff00ff;\">\/<\/span> Wallace Stevens<\/code><\/p>\n<p>Oft ist es eine kleine Entdeckung, die ein gro\u00dfes Abenteuer in Bewegung setzt \u2013 ein Funke, ein Geistesblitz, ein Hinweis von einem Mehr hinter der Oberfl\u00e4che, das alle Trivialit\u00e4t mit Magie erf\u00fcllt\u2026 Etwas von spielerischer Leichtigkeit, doch mit den Augen der Vernunft nicht zu ermessen und nur zart mit feinsten Nervenspitzen zu ertasten: kritische Analyse macht keinen Sinn.<\/p>\n<p>Ein wenig verwirrend, vielleicht ein Fenster zur Erinnerung, ein Dorn der Neugier, der eher Fragen stellt als dass er Antworten geben kann. In aller Freiheit der Phantasie: Es setzt den Weg in die Unendlichkeit.<\/p>\n<p>Kunst hat die Kraft, das Wahre zu erweitern, das Geistige zu n\u00e4hren, das sich sinnlich \u00e4u\u00dfert, den Horizont eines inneren Fl\u00fcgelschlags. Sie setzt der Wahrnehmung einen neuen Ma\u00dfstab. Sie wird das Wesen des Gewohnten neu beschreiben, l\u00f6st Grenzen auf, enth\u00fcllt das Mystische des Weltlichen, das Untragbare der Offensichtlichkeit. Sie schaut mit neuen Augen, mit einem neuen Herzen und einem neuen Geist.<\/p>\n<p>Wir haben die Freude, mit exzellenten Talenten der aufsteigenden Kunst zusammen zu arbeiten \u2013 den Dirigenten der kulturellen Produktion, die von der Ambition geleitet sind, Grenzen der visuellen Sprache zu \u00f6ffnen: passioniert, freigeistig, subversiv und eigensinnig, manchmal zynisch, ironisch und quer, fl\u00fcchtig, vieldeutig, facettenreich. Oft \u00fcber die Quadratur des Kreises hinaus, und immer mit Feuer, Intelligenz, Aufrichtigkeit.<\/p>\n<p>Blanche \u2013 ist das Feld f\u00fcr die Essenz \u2013 der Code der Tiefe, des Echten, des Authentischen, des Reinen und die Kraft der Unendlichkeit. Der wei\u00dfe Raum, die carte blanche der Inspiration durch das in der Wahrnehmung eingeschriebene Versprechen.<\/p>\n<p>Lass dich von dem Moment verf\u00fchren \u2013 Er wird deine Zukunft sein.<\/p>\n<p>F\u00fcge dein Eigenes zwischen die Zeilen des Nicht Gesagten. Und nenne es Dein Geheimnis\u2026<\/p>\n","protected":false},"excerpt":{"rendered":"<p>Erwecke den Rebell in dir um die Sonne mit dem Auge der Ignoranz zu erkennen sie erfassen, in aller Klarheit ihres Wesens. \/ Wallace Stevens Oft ist es eine kleine Entdeckung, die ein gro\u00dfes Abenteuer in Bewegung setzt \u2013 ein Funke, ein Geistesblitz, ein Hinweis von einem Mehr hinter der Oberfl\u00e4che, das alle Trivialit\u00e4t mit [&hellip;]<\/p>\n","protected":false},"author":1,"featured_media":0,"parent":0,"menu_order":0,"comment_status":"closed","ping_status":"closed","template":"","meta":{"_exactmetrics_skip_tracking":false,"_exactmetrics_sitenote_active":false,"_exactmetrics_sitenote_note":"","_exactmetrics_sitenote_category":0,"footnotes":""},"class_list":["post-2179","page","type-page","status-publish","hentry"],"yoast_head":"<!-- This site is optimized with the Yoast SEO plugin v27.3 - https:\/\/yoast.com\/product\/yoast-seo-wordpress\/ -->\n<title>Apropos - CAT BLANCHE<\/title>\n<meta name=\"description\" content=\"CAT BLANCHE. Unique art for Rebels &amp; Lovers. Art is the space between the words...\" \/>\n<meta name=\"robots\" content=\"index, follow, max-snippet:-1, max-image-preview:large, max-video-preview:-1\" \/>\n<link rel=\"canonical\" href=\"http:\/\/catblanche.de\/de\/apropos\/\" \/>\n<meta property=\"og:locale\" content=\"de_DE\" \/>\n<meta property=\"og:type\" content=\"article\" \/>\n<meta property=\"og:title\" content=\"Apropos - CAT BLANCHE\" \/>\n<meta property=\"og:description\" content=\"CAT BLANCHE. Unique art for Rebels &amp; Lovers. Art is the space between the words...\" \/>\n<meta property=\"og:url\" content=\"http:\/\/catblanche.de\/de\/apropos\/\" \/>\n<meta property=\"og:site_name\" content=\"CAT BLANCHE\" \/>\n<meta property=\"article:publisher\" content=\"https:\/\/www.facebook.com\/catharina.banach\" \/>\n<meta property=\"article:modified_time\" content=\"2017-08-18T11:26:59+00:00\" \/>\n<meta name=\"twitter:card\" content=\"summary_large_image\" \/>\n<meta name=\"twitter:label1\" content=\"Gesch\u00e4tzte Lesezeit\" \/>\n\t<meta name=\"twitter:data1\" content=\"2\u00a0Minuten\" \/>\n<script type=\"application\/ld+json\" class=\"yoast-schema-graph\">{\"@context\":\"https:\\\/\\\/schema.org\",\"@graph\":[{\"@type\":\"WebPage\",\"@id\":\"http:\\\/\\\/catblanche.de\\\/de\\\/apropos\\\/\",\"url\":\"http:\\\/\\\/catblanche.de\\\/de\\\/apropos\\\/\",\"name\":\"Apropos - CAT BLANCHE\",\"isPartOf\":{\"@id\":\"http:\\\/\\\/catblanche.de\\\/#website\"},\"datePublished\":\"2016-11-22T13:18:30+00:00\",\"dateModified\":\"2017-08-18T11:26:59+00:00\",\"description\":\"CAT BLANCHE. Unique art for Rebels & Lovers. Art is the space between the words...\",\"breadcrumb\":{\"@id\":\"http:\\\/\\\/catblanche.de\\\/de\\\/apropos\\\/#breadcrumb\"},\"inLanguage\":\"de\",\"potentialAction\":[{\"@type\":\"ReadAction\",\"target\":[\"http:\\\/\\\/catblanche.de\\\/de\\\/apropos\\\/\"]}]},{\"@type\":\"BreadcrumbList\",\"@id\":\"http:\\\/\\\/catblanche.de\\\/de\\\/apropos\\\/#breadcrumb\",\"itemListElement\":[{\"@type\":\"ListItem\",\"position\":1,\"name\":\"Home\",\"item\":\"http:\\\/\\\/catblanche.de\\\/de\\\/\"},{\"@type\":\"ListItem\",\"position\":2,\"name\":\"Apropos\"}]},{\"@type\":\"WebSite\",\"@id\":\"http:\\\/\\\/catblanche.de\\\/#website\",\"url\":\"http:\\\/\\\/catblanche.de\\\/\",\"name\":\"CAT BLANCHE\",\"description\":\" unique art for rebels &amp; lovers\",\"potentialAction\":[{\"@type\":\"SearchAction\",\"target\":{\"@type\":\"EntryPoint\",\"urlTemplate\":\"http:\\\/\\\/catblanche.de\\\/?s={search_term_string}\"},\"query-input\":{\"@type\":\"PropertyValueSpecification\",\"valueRequired\":true,\"valueName\":\"search_term_string\"}}],\"inLanguage\":\"de\"}]}<\/script>\n<!-- \/ Yoast SEO plugin. -->","yoast_head_json":{"title":"Apropos - CAT BLANCHE","description":"CAT BLANCHE. Unique art for Rebels & Lovers. Art is the space between the words...","robots":{"index":"index","follow":"follow","max-snippet":"max-snippet:-1","max-image-preview":"max-image-preview:large","max-video-preview":"max-video-preview:-1"},"canonical":"http:\/\/catblanche.de\/de\/apropos\/","og_locale":"de_DE","og_type":"article","og_title":"Apropos - CAT BLANCHE","og_description":"CAT BLANCHE. Unique art for Rebels & Lovers. Art is the space between the words...","og_url":"http:\/\/catblanche.de\/de\/apropos\/","og_site_name":"CAT BLANCHE","article_publisher":"https:\/\/www.facebook.com\/catharina.banach","article_modified_time":"2017-08-18T11:26:59+00:00","twitter_card":"summary_large_image","twitter_misc":{"Gesch\u00e4tzte Lesezeit":"2\u00a0Minuten"},"schema":{"@context":"https:\/\/schema.org","@graph":[{"@type":"WebPage","@id":"http:\/\/catblanche.de\/de\/apropos\/","url":"http:\/\/catblanche.de\/de\/apropos\/","name":"Apropos - CAT BLANCHE","isPartOf":{"@id":"http:\/\/catblanche.de\/#website"},"datePublished":"2016-11-22T13:18:30+00:00","dateModified":"2017-08-18T11:26:59+00:00","description":"CAT BLANCHE. Unique art for Rebels & Lovers. Art is the space between the words...","breadcrumb":{"@id":"http:\/\/catblanche.de\/de\/apropos\/#breadcrumb"},"inLanguage":"de","potentialAction":[{"@type":"ReadAction","target":["http:\/\/catblanche.de\/de\/apropos\/"]}]},{"@type":"BreadcrumbList","@id":"http:\/\/catblanche.de\/de\/apropos\/#breadcrumb","itemListElement":[{"@type":"ListItem","position":1,"name":"Home","item":"http:\/\/catblanche.de\/de\/"},{"@type":"ListItem","position":2,"name":"Apropos"}]},{"@type":"WebSite","@id":"http:\/\/catblanche.de\/#website","url":"http:\/\/catblanche.de\/","name":"CAT BLANCHE","description":" unique art for rebels &amp; lovers","potentialAction":[{"@type":"SearchAction","target":{"@type":"EntryPoint","urlTemplate":"http:\/\/catblanche.de\/?s={search_term_string}"},"query-input":{"@type":"PropertyValueSpecification","valueRequired":true,"valueName":"search_term_string"}}],"inLanguage":"de"}]}},"_links":{"self":[{"href":"http:\/\/catblanche.de\/de\/wp-json\/wp\/v2\/pages\/2179\/"}],"collection":[{"href":"http:\/\/catblanche.de\/de\/wp-json\/wp\/v2\/pages\/"}],"about":[{"href":"http:\/\/catblanche.de\/de\/wp-json\/wp\/v2\/types\/page\/"}],"author":[{"embeddable":true,"href":"http:\/\/catblanche.de\/de\/wp-json\/wp\/v2\/users\/1\/"}],"replies":[{"embeddable":true,"href":"http:\/\/catblanche.de\/de\/wp-json\/wp\/v2\/comments\/?post=2179"}],"version-history":[{"count":10,"href":"http:\/\/catblanche.de\/de\/wp-json\/wp\/v2\/pages\/2179\/revisions\/"}],"predecessor-version":[{"id":2436,"href":"http:\/\/catblanche.de\/de\/wp-json\/wp\/v2\/pages\/2179\/revisions\/2436\/"}],"wp:attachment":[{"href":"http:\/\/catblanche.de\/de\/wp-json\/wp\/v2\/media\/?parent=2179"}],"curies":[{"name":"wp","href":"https:\/\/api.w.org\/{rel}","templated":true}]}}